{"id":32,"date":"2024-05-02T22:28:59","date_gmt":"2024-05-02T22:28:59","guid":{"rendered":"https:\/\/gravitycenterinternational.com\/ve\/?page_id=32"},"modified":"2024-05-06T02:42:37","modified_gmt":"2024-05-06T02:42:37","slug":"testimonios","status":"publish","type":"page","link":"https:\/\/gravitycenterinternational.com\/ve\/testimonios\/","title":{"rendered":"Testimonios"},"content":{"rendered":"\n<main class=\"wp-block-uagb-container uagb-block-79a5504f alignfull uagb-is-root-container\"><div class=\"uagb-container-inner-blocks-wrap\">\n<div class=\"wp-block-uagb-container uagb-block-d3d70047\">\n<div class=\"wp-block-uagb-container waves waves-white uagb-block-eac2d485\">\n<div class=\"wp-block-uagb-advanced-heading uagb-block-233a407d\"><h2 class=\"uagb-heading-text\">Testimonios<\/h2><\/div>\n<\/div>\n<\/div>\n\n\n\n<div class=\"wp-block-uagb-container uagb-block-25ba54ac\">\n<div class=\"wp-block-uagb-container uagb-block-c7abbb33\">\n<div class=\"wp-block-uagb-advanced-heading uagb-block-5dcd7739\"><h2 class=\"uagb-heading-text\">Lo que nuestros clientes est\u00e1n diciendo<\/h2><\/div>\n<\/div>\n\n\n\n<div class=\"wp-block-uagb-container uagb-block-545e44e5\">\n<div class=\"wp-block-uagb-container uagb-block-a7f37c44\">\n<div class=\"wp-block-uagb-container uagb-block-72104b46\"><div class=\"glsr glsr-default\" id=\"glsr_20948169\" data-from=\"block\" data-shortcode=\"site_reviews\" data-assigned_posts=\"32\"><div class=\"glsr-reviews-wrap\">\n    <div class=\"glsr-reviews\">\n        <div class=\"glsr-review\" data-type=\"local\" id=\"review-635\" data-assigned='{\"assigned_posts\":[32]}'>\n    <div class=\"glsr-review-title\"><h4 class=\"glsr-tag-value\">Disfrute de las sesiones del M\u00e9todo Gravity en dos pa\u00edses distintos<\/h4><\/div>\n    <div class=\"glsr-review-rating\"><div class=\"glsr-star-rating glsr-stars\" role=\"img\" aria-label=\"Valorado con 5 de 5 estrellas\" data-rating=\"5\" data-reviews=\"0\"><span class=\"glsr-star glsr-star-full\" aria-hidden=\"true\"><\/span><span class=\"glsr-star glsr-star-full\" aria-hidden=\"true\"><\/span><span class=\"glsr-star glsr-star-full\" aria-hidden=\"true\"><\/span><span class=\"glsr-star glsr-star-full\" aria-hidden=\"true\"><\/span><span class=\"glsr-star glsr-star-full\" aria-hidden=\"true\"><\/span><\/div><\/div> <div class=\"glsr-review-date\"><span class=\"glsr-tag-value\">abril 18, 2025<\/span><\/div>\n    \n    <div class=\"glsr-review-content\"><div class=\"glsr-tag-value\" data-expanded=\"false\"><p>Como afiliada a Gravity Center, notifique de mi viaje de vacaciones y disfrute de las sesiones en su otra sede, sin ning\u00fan costo adicional.<\/p><\/div><\/div>\n     <div class=\"glsr-review-author\"><span class=\"glsr-tag-value\">Marian Bello<\/span><\/div> \n    \n<\/div>\n<div class=\"glsr-review\" data-type=\"local\" id=\"review-633\" data-assigned='{\"assigned_posts\":[32]}'>\n    <div class=\"glsr-review-title\"><h4 class=\"glsr-tag-value\">Luego de un d\u00eda probar todos los servicios no dude en afiliarme<\/h4><\/div>\n    <div class=\"glsr-review-rating\"><div class=\"glsr-star-rating glsr-stars\" role=\"img\" aria-label=\"Valorado con 5 de 5 estrellas\" data-rating=\"5\" data-reviews=\"0\"><span class=\"glsr-star glsr-star-full\" aria-hidden=\"true\"><\/span><span class=\"glsr-star glsr-star-full\" aria-hidden=\"true\"><\/span><span class=\"glsr-star glsr-star-full\" aria-hidden=\"true\"><\/span><span class=\"glsr-star glsr-star-full\" aria-hidden=\"true\"><\/span><span class=\"glsr-star glsr-star-full\" aria-hidden=\"true\"><\/span><\/div><\/div> <div class=\"glsr-review-date\"><span class=\"glsr-tag-value\">abril 12, 2025<\/span><\/div>\n    \n    <div class=\"glsr-review-content\"><div class=\"glsr-tag-value\" data-expanded=\"false\"><p>Disfrute de un full day en las instalaciones de Gravity Center y al culminar no dude en afiliarme para acudir con frecuencia y disfrutar los servicios.<\/p><\/div><\/div>\n     <div class=\"glsr-review-author\"><span class=\"glsr-tag-value\">Antonio Rosales<\/span><\/div> \n    \n<\/div>\n<div class=\"glsr-review\" data-type=\"local\" id=\"review-631\" data-assigned='{\"assigned_posts\":[32]}'>\n    <div class=\"glsr-review-title\"><h4 class=\"glsr-tag-value\">Deje los Ansiol\u00edticos gracias al M\u00e9todo Gravity<\/h4><\/div>\n    <div class=\"glsr-review-rating\"><div class=\"glsr-star-rating glsr-stars\" role=\"img\" aria-label=\"Valorado con 5 de 5 estrellas\" data-rating=\"5\" data-reviews=\"0\"><span class=\"glsr-star glsr-star-full\" aria-hidden=\"true\"><\/span><span class=\"glsr-star glsr-star-full\" aria-hidden=\"true\"><\/span><span class=\"glsr-star glsr-star-full\" aria-hidden=\"true\"><\/span><span class=\"glsr-star glsr-star-full\" aria-hidden=\"true\"><\/span><span class=\"glsr-star glsr-star-full\" aria-hidden=\"true\"><\/span><\/div><\/div> <div class=\"glsr-review-date\"><span class=\"glsr-tag-value\">marzo 29, 2025<\/span><\/div>\n    \n    <div class=\"glsr-review-content\"><div class=\"glsr-tag-value\" data-expanded=\"false\"><p>Luego de ser afiliado y realizar la terapia completa del M\u00e9todo, pude superar la utilizaci\u00f3n de ansiol\u00edticos y ahora disfruto de las sesiones de Gravity y dem\u00e1s servicios, dos veces a la semana<\/p><\/div><\/div>\n     <div class=\"glsr-review-author\"><span class=\"glsr-tag-value\">Ricardo Bonet<\/span><\/div> \n    \n<\/div>\n<div class=\"glsr-review\" data-type=\"local\" id=\"review-226\" data-assigned='{\"assigned_posts\":[32]}'>\n    <div class=\"glsr-review-title\"><h4 class=\"glsr-tag-value\">He tenido Un buen Descanso Profundo<\/h4><\/div>\n    <div class=\"glsr-review-rating\"><div class=\"glsr-star-rating glsr-stars\" role=\"img\" aria-label=\"Valorado con 5 de 5 estrellas\" data-rating=\"5\" data-reviews=\"0\"><span class=\"glsr-star glsr-star-full\" aria-hidden=\"true\"><\/span><span class=\"glsr-star glsr-star-full\" aria-hidden=\"true\"><\/span><span class=\"glsr-star glsr-star-full\" aria-hidden=\"true\"><\/span><span class=\"glsr-star glsr-star-full\" aria-hidden=\"true\"><\/span><span class=\"glsr-star glsr-star-full\" aria-hidden=\"true\"><\/span><\/div><\/div> <div class=\"glsr-review-date\"><span class=\"glsr-tag-value\">mayo 6, 2024<\/span><\/div>\n    \n    <div class=\"glsr-review-content\"><div class=\"glsr-tag-value\" data-expanded=\"false\"><p>El masaje sensorial en cama de flotaci\u00f3n es una experiencia sublime. Gracias, Gravity Center, por cuidar mi mente y mi cuerpo.<\/p><\/div><\/div>\n     <div class=\"glsr-review-author\"><span class=\"glsr-tag-value\">Ana Mar\u00eda L<\/span><\/div> \n    \n<\/div>\n<div class=\"glsr-review\" data-type=\"local\" id=\"review-223\" data-assigned='{\"assigned_posts\":[32]}'>\n    <div class=\"glsr-review-title\"><h4 class=\"glsr-tag-value\">Bienestar Total, me siento renovada<\/h4><\/div>\n    <div class=\"glsr-review-rating\"><div class=\"glsr-star-rating glsr-stars\" role=\"img\" aria-label=\"Valorado con 5 de 5 estrellas\" data-rating=\"5\" data-reviews=\"0\"><span class=\"glsr-star glsr-star-full\" aria-hidden=\"true\"><\/span><span class=\"glsr-star glsr-star-full\" aria-hidden=\"true\"><\/span><span class=\"glsr-star glsr-star-full\" aria-hidden=\"true\"><\/span><span class=\"glsr-star glsr-star-full\" aria-hidden=\"true\"><\/span><span class=\"glsr-star glsr-star-full\" aria-hidden=\"true\"><\/span><\/div><\/div> <div class=\"glsr-review-date\"><span class=\"glsr-tag-value\">febrero 13, 2024<\/span><\/div>\n    \n    <div class=\"glsr-review-content\"><div class=\"glsr-tag-value\" data-expanded=\"false\"><p>El M\u00e9todo Gravity en Gravity Center cambi\u00f3 mi vida. Aprend\u00ed a gestionar la ansiedad y el insomnio. Adem\u00e1s, la c\u00e1mara de aislamiento sensorial es incre\u00edble.<\/p><\/div><\/div>\n     <div class=\"glsr-review-author\"><span class=\"glsr-tag-value\">Gigi P\u00e9rez<\/span><\/div> \n    \n<\/div>\n    <\/div>\n    \n<\/div><\/div><\/div>\n<\/div>\n\n\n\n<div class=\"wp-block-uagb-container uagb-block-9c92f5d9\">\n<div class=\"wp-block-uagb-advanced-heading uagb-block-59ed6426\"><h4 class=\"uagb-heading-text\">Formulario<\/h4><\/div>\n\n\n\n<div class=\"wp-block-group form-bg is-layout-constrained wp-block-group-is-layout-constrained\"><div class=\"glsr glsr-default\" id=\"glsr_64e64f4e\" data-from=\"block\" data-shortcode=\"site_reviews_form\" data-assigned_posts=\"32\"><div class=\"glsr-form-wrap\">\n    <form class=\"glsr-review-form glsr-form\" method=\"post\" enctype=\"multipart\/form-data\">\n        <input type=\"hidden\" name=\"site-reviews[_action]\" value=\"submit-review\" \/>\n<input type=\"hidden\" name=\"site-reviews[_nonce]\" value=\"d8b5e8ca60\" \/>\n<input type=\"hidden\" name=\"site-reviews[_post_id]\" value=\"32\" \/>\n<input type=\"hidden\" name=\"site-reviews[_referer]\" value=\"\" \/>\n<input type=\"hidden\" name=\"site-reviews[assigned_posts]\" value=\"32\" \/>\n<input type=\"hidden\" name=\"site-reviews[assigned_terms]\" value=\"\" \/>\n<input type=\"hidden\" name=\"site-reviews[assigned_users]\" value=\"\" \/>\n<input type=\"hidden\" name=\"site-reviews[excluded]\" value=\"\" \/>\n<input type=\"hidden\" name=\"site-reviews[form_id]\" value=\"glsr_64e64f4e\" \/>\n<input type=\"hidden\" name=\"site-reviews[terms_exist]\" value=\"1\" \/>\n<input type=\"hidden\" name=\"site-reviews[form_signature]\" value=\"GWNTVq-i-B1iOhDNDmfiXSYeXm2Ti528cvQR266o13Eg1Xhg87aBZrfrV8KvJx0rMNUGp7JA-7oVy1zXj6-S2r7wDRPwIekvfjZddho3qUZOPOUC29KxLNFQlZIWyhDMQRLno_7ZSNVFwocx2nOhQIk8i5kUjOcXHLPhFUbo2l4uGAF8HJ82eWwx8AnEl9mfSGUl1Petbs5M6OMgF-jqlCa617uZRetjm947HLixI6v4G4qlgt16K14Lqp5ilpNZj-q45Yt7S_w-jHXAlc6vcrUPms_3ICvfZHHfEfKXD95IbWel7J-vaR1OsPX11II-i5N_r9EQ6XNCQLQPEaJO8c58r9SqKPhZ4fK6s7mXEiPV6LGiB8V9UwEU85ZC0TJn2HaD6olTsANbioWII6XrSg_jWHI\" \/>\n<div class=\"glsr-field\" style=\"display:none;\"><label for=\"site-reviews-266e437f-glsr_64e64f4e\">Tu rese\u00f1a<\/label><input type=\"text\" class=\"glsr-input glsr-input-text\" id=\"site-reviews-266e437f-glsr_64e64f4e\" name=\"site-reviews[266e437f]\" value=\"\" \/><\/div>\n<div class=\"glsr-field glsr-field-rating glsr-required\" data-field=\"rating\">\n    <label class=\"glsr-label\" for=\"glsr_64e64f4e-rating\">\n    <span>Tu puntuaci\u00f3n global<\/span>\n<\/label>\n    <select class=\"browser-default disable-select no_wrap no-wrap glsr-select\" id=\"glsr_64e64f4e-rating\" name=\"site-reviews[rating]\" required><option value=\"\">Seleccionar una puntuaci\u00f3n<\/option><option value=\"5\">5 estrellas<\/option><option value=\"4\">4 estrellas<\/option><option value=\"3\">3 estrellas<\/option><option value=\"2\">2 estrellas<\/option><option value=\"1\">1 estrella<\/option><\/select>\n    <div class=\"glsr-field-error\"><\/div>\n<\/div>\n<div class=\"glsr-field glsr-field-text glsr-required\" data-field=\"title\">\n    <label class=\"glsr-label\" for=\"glsr_64e64f4e-title\">\n    <span>T\u00edtulo de tu rese\u00f1a<\/span>\n<\/label>\n    <input type=\"text\" class=\"glsr-input glsr-input-text\" id=\"glsr_64e64f4e-title\" name=\"site-reviews[title]\" required placeholder=\"Resume tu rese\u00f1a o resalta un detalle interesante\" value=\"\" \/>\n    <div class=\"glsr-field-error\"><\/div>\n<\/div>\n<div class=\"glsr-field glsr-field-textarea glsr-required\" data-field=\"content\">\n    <label class=\"glsr-label\" for=\"glsr_64e64f4e-content\">\n    <span>Tu rese\u00f1a<\/span>\n<\/label>\n    <textarea class=\"glsr-textarea\" id=\"glsr_64e64f4e-content\" name=\"site-reviews[content]\" required placeholder=\"Comparte tu opini\u00f3n\" rows=\"5\"><\/textarea>\n    <div class=\"glsr-field-error\"><\/div>\n<\/div>\n<div class=\"glsr-field glsr-field-text glsr-required\" data-field=\"name\">\n    <label class=\"glsr-label\" for=\"glsr_64e64f4e-name\">\n    <span>Tu nombre<\/span>\n<\/label>\n    <input type=\"text\" class=\"glsr-input glsr-input-text\" id=\"glsr_64e64f4e-name\" name=\"site-reviews[name]\" required placeholder=\"Dinos tu nombre\" value=\"\" \/>\n    <div class=\"glsr-field-error\"><\/div>\n<\/div>\n<div class=\"glsr-field glsr-field-email glsr-required\" data-field=\"email\">\n    <label class=\"glsr-label\" for=\"glsr_64e64f4e-email\">\n    <span>Tu correo electr\u00f3nico<\/span>\n<\/label>\n    <input type=\"email\" class=\"glsr-input glsr-input-email\" id=\"glsr_64e64f4e-email\" name=\"site-reviews[email]\" required placeholder=\"Dinos tu email\" value=\"\" \/>\n    <div class=\"glsr-field-error\"><\/div>\n<\/div>\n<div class=\"glsr-field glsr-field-choice glsr-required\" data-field=\"terms\">\n    \n    <span class=\"glsr-field-toggle\">\n    <span class=\"glsr-toggle\">\n        <label for=\"glsr_64e64f4e-terms-1\">Esta rese\u00f1a se basa en mi propia experiencia y es mi opini\u00f3n genuina.<\/label>\n        <span class=\"glsr-toggle-switch\">\n            <input type=\"checkbox\" class=\"glsr-input-toggle\" id=\"glsr_64e64f4e-terms-1\" name=\"site-reviews[terms]\" required value=\"1\" \/> &#8203; <!-- zero-space character used for alignment -->\n            <span class=\"glsr-toggle-track\"><\/span>\n        <\/span>\n    <\/span>\n<\/span>\n    <div class=\"glsr-field-error\"><\/div>\n<\/div>\n        <div class=\"glsr-form-message\">\n    \n<\/div>\n        <div data-field=\"submit-button\">\n    <div class=\"wp-block-buttons is-layout-flex\">\n        <div class=\"wp-block-button\">\n            <button type=\"submit\" class=\"glsr-button wp-block-button__link wp-element-button\" aria-busy=\"false\" data-loading=\"Enviando, por favor espera...\">Enviar una rese\u00f1a<\/button>\n        <\/div>\n    <\/div>\n<\/div>\n    <\/form>\n<\/div><\/div><\/div>\n<\/div>\n<\/div>\n<\/div>\n<\/div><\/main>\n","protected":false},"excerpt":{"rendered":"<p>Testimonios Lo que nuestros clientes est\u00e1n diciendo Formulario<\/p>\n","protected":false},"author":1,"featured_media":0,"parent":0,"menu_order":0,"comment_status":"closed","ping_status":"closed","template":"","meta":{"_uag_custom_page_level_css":"","site-sidebar-layout":"default","site-content-layout":"","ast-site-content-layout":"default","site-content-style":"default","site-sidebar-style":"default","ast-global-header-display":"","ast-banner-title-visibility":"","ast-main-header-display":"","ast-hfb-above-header-display":"","ast-hfb-below-header-display":"","ast-hfb-mobile-header-display":"","site-post-title":"disabled","ast-breadcrumbs-content":"","ast-featured-img":"","footer-sml-layout":"","theme-transparent-header-meta":"","adv-header-id-meta":"","stick-header-meta":"","header-above-stick-meta":"","header-main-stick-meta":"","header-below-stick-meta":"","astra-migrate-meta-layouts":"default","ast-page-background-enabled":"default","ast-page-background-meta":{"desktop":{"background-color":"var(--ast-global-color-4)","background-image":"","background-repeat":"repeat","background-position":"center center","background-size":"auto","background-attachment":"scroll","background-type":"","background-media":"","overlay-type":"","overlay-color":"","overlay-opacity":"","overlay-gradient":""},"tablet":{"background-color":"","background-image":"","background-repeat":"repeat","background-position":"center center","background-size":"auto","background-attachment":"scroll","background-type":"","background-media":"","overlay-type":"","overlay-color":"","overlay-opacity":"","overlay-gradient":""},"mobile":{"background-color":"","background-image":"","background-repeat":"repeat","background-position":"center center","background-size":"auto","background-attachment":"scroll","background-type":"","background-media":"","overlay-type":"","overlay-color":"","overlay-opacity":"","overlay-gradient":""}},"ast-content-background-meta":{"desktop":{"background-color":"var(--ast-global-color-5)","background-image":"","background-repeat":"repeat","background-position":"center center","background-size":"auto","background-attachment":"scroll","background-type":"","background-media":"","overlay-type":"","overlay-color":"","overlay-opacity":"","overlay-gradient":""},"tablet":{"background-color":"var(--ast-global-color-5)","background-image":"","background-repeat":"repeat","background-position":"center center","background-size":"auto","background-attachment":"scroll","background-type":"","background-media":"","overlay-type":"","overlay-color":"","overlay-opacity":"","overlay-gradient":""},"mobile":{"background-color":"var(--ast-global-color-5)","background-image":"","background-repeat":"repeat","background-position":"center center","background-size":"auto","background-attachment":"scroll","background-type":"","background-media":"","overlay-type":"","overlay-color":"","overlay-opacity":"","overlay-gradient":""}},"_glsr_average":5,"_glsr_ranking":4.0625,"_glsr_reviews":6,"footnotes":""},"class_list":["post-32","page","type-page","status-publish","hentry"],"uagb_featured_image_src":{"full":false,"thumbnail":false,"medium":false,"medium_large":false,"large":false,"1536x1536":false,"2048x2048":false},"uagb_author_info":{"display_name":".gravity.","author_link":"https:\/\/gravitycenterinternational.com\/ve\/author\/gravity\/"},"uagb_comment_info":0,"uagb_excerpt":"Testimonios Lo que nuestros clientes est\u00e1n diciendo Formulario","_links":{"self":[{"href":"https:\/\/gravitycenterinternational.com\/ve\/wp-json\/wp\/v2\/pages\/32","targetHints":{"allow":["GET"]}}],"collection":[{"href":"https:\/\/gravitycenterinternational.com\/ve\/wp-json\/wp\/v2\/pages"}],"about":[{"href":"https:\/\/gravitycenterinternational.com\/ve\/wp-json\/wp\/v2\/types\/page"}],"author":[{"embeddable":true,"href":"https:\/\/gravitycenterinternational.com\/ve\/wp-json\/wp\/v2\/users\/1"}],"replies":[{"embeddable":true,"href":"https:\/\/gravitycenterinternational.com\/ve\/wp-json\/wp\/v2\/comments?post=32"}],"version-history":[{"count":0,"href":"https:\/\/gravitycenterinternational.com\/ve\/wp-json\/wp\/v2\/pages\/32\/revisions"}],"wp:attachment":[{"href":"https:\/\/gravitycenterinternational.com\/ve\/wp-json\/wp\/v2\/media?parent=32"}],"curies":[{"name":"wp","href":"https:\/\/api.w.org\/{rel}","templated":true}]}}